{"id":243,"date":"2023-11-07T08:25:47","date_gmt":"2023-11-07T08:25:47","guid":{"rendered":"https:\/\/akademiazeglarstwa.eu\/?page_id=243"},"modified":"2025-10-10T10:09:38","modified_gmt":"2025-10-10T10:09:38","slug":"przedszkole-narciarskie","status":"publish","type":"page","link":"https:\/\/akademiazeglarstwa.eu\/index.php\/oboz-narciarski\/przedszkole-narciarskie\/","title":{"rendered":"PRZEDSZKOLE NARCIARSKIE"},"content":{"rendered":"\n<h2 class=\"wp-block-heading has-text-align-left has-accent-color has-text-color has-link-color wp-elements-991458fd3271a5a833be2cebbd35d839\">Przedszkole Narciarskie Gdy\u0144skiej Akademii \u017beglarstwa \u2013 Zabawa i Nauka Narciarstwa dla Najm\u0142odszych                                             <\/h2>\n\n\n\n<h2 class=\"wp-block-heading has-accent-color has-text-color has-link-color wp-elements-fdce2d7d659c93612386a38715f4e087\"><strong>TERMIN OBOZU  27.01 &#8211; 03.02. 2024  <\/strong><\/h2>\n\n\n\n<div class=\"wp-block-media-text alignwide is-stacked-on-mobile\" style=\"grid-template-columns:51% auto\"><figure class=\"wp-block-media-text__media\"><img data-opt-id=427644745  fetchpriority=\"high\" decoding=\"async\" width=\"1011\" height=\"568\" src=\"https:\/\/mlzy1nu3afkw.i.optimole.com\/w:auto\/h:auto\/q:mauto\/f:best\/https:\/\/akademiazeglarstwa.eu\/wp-content\/uploads\/2023\/11\/Zrzut-ekranu-2023-11-08-125414-1.png\" alt=\"\" class=\"wp-image-379 size-full\" srcset=\"https:\/\/mlzy1nu3afkw.i.optimole.com\/w:1011\/h:568\/q:mauto\/f:best\/https:\/\/akademiazeglarstwa.eu\/wp-content\/uploads\/2023\/11\/Zrzut-ekranu-2023-11-08-125414-1.png 1011w, https:\/\/mlzy1nu3afkw.i.optimole.com\/w:300\/h:169\/q:mauto\/f:best\/https:\/\/akademiazeglarstwa.eu\/wp-content\/uploads\/2023\/11\/Zrzut-ekranu-2023-11-08-125414-1.png 300w, https:\/\/mlzy1nu3afkw.i.optimole.com\/w:768\/h:431\/q:mauto\/f:best\/https:\/\/akademiazeglarstwa.eu\/wp-content\/uploads\/2023\/11\/Zrzut-ekranu-2023-11-08-125414-1.png 768w\" sizes=\"(max-width: 750px) 100vw, 750px\" \/><\/figure><div class=\"wp-block-media-text__content\">\n<h3 class=\"wp-block-heading has-accent-color has-text-color has-link-color wp-elements-62d6f9242bf395484d0c983a4ad13c74\"><strong>Przedszkole Narciarskie Gdy\u0144skiej Akademii \u017beglarstwa: Zimowa Przygoda dla Najm\u0142odszych<\/strong><\/h3>\n\n\n\n<p class=\"has-accent-color has-text-color has-link-color has-medium-font-size wp-elements-8aaec840becbf175384e2467053b2833\">Przedszkole Narciarskie Gdy\u0144skiej Akademii \u017beglarstwa to wyj\u0105tkowe miejsce, gdzie dzieci rozpoczynaj\u0105 nauk\u0119 narciarstwa ju\u017c od 5-6 roku \u017cycia. Nasze podej\u015bcie, oparte na zabawie, tworzy przyjazne otoczenie, a do\u015bwiadczona kadra gwarantuje rozwijanie umiej\u0119tno\u015bci i czerpanie rado\u015bci z zimowych przyg\u00f3d.                    <\/p>\n<\/div><\/div>\n\n\n\n<div class=\"wp-block-columns alignwide is-layout-flex wp-container-core-columns-is-layout-28f84493 wp-block-columns-is-layout-flex\">\n<div class=\"wp-block-column has-accent-color has-text-color has-background has-link-color wp-elements-64ecd1b1d86dd14dae9ca7e80163cdd3 is-layout-flow wp-block-column-is-layout-flow\" style=\"background-color:#eaeaf4\">\n<h2 class=\"wp-block-heading has-text-align-center\"><strong>Ob\u00f3z Narciarski z Dzie\u0107mi: Zimowe Wakacje                                           Dla Ca\u0142ej Rodziny<\/strong><\/h2>\n\n\n\n<p class=\"has-text-align-left\"> Ob\u00f3z Narciarski z Rodzicami to unikalna szansa dla rodzin z ma\u0142ymi dzie\u0107mi, kt\u00f3re z r\u00f3\u017cnych przyczyn nie mog\u0105 podr\u00f3\u017cowa\u0107 na ferie samodzielnie lub pragn\u0105 sp\u0119dzi\u0107 czas z dzie\u0107mi na stoku. Ten wyj\u0105tkowy ob\u00f3z \u0142\u0105czy atuty klasycznych wakacji rodzinnych z atrakcjami obozu narciarskiego. Rodzice maj\u0105 mo\u017cliwo\u015b\u0107 wyboru, czy sp\u0119dza\u0107 czas z dzie\u0107mi, czy skorzysta\u0107 z opieki wychowawc\u00f3w obozowych. Dla rodzic\u00f3w dost\u0119pne s\u0105 zakwaterowanie i wy\u017cywienie.<\/p>\n<\/div>\n\n\n\n<div class=\"wp-block-column has-background is-layout-flow wp-block-column-is-layout-flow\" style=\"background-color:#eaeaf4\">\n<h2 class=\"wp-block-heading has-text-align-center has-accent-color has-text-color has-link-color wp-elements-eac4e5e936050d371d40e3003389c6c4\"><strong>Ob\u00f3z Narciarski z Rodzicami:                       Wyj\u0105tkowa Okazja                          dla Rodzin na Wsp\u00f3lne Zimowe Wakacje<\/strong><\/h2>\n\n\n\n<p class=\"has-text-align-center has-accent-color has-text-color has-link-color wp-elements-ff1a76c0cb208a7901adccb4e5b65ca5\">  Podczas pobytu na obozie, rodzice maj\u0105 wyb\u00f3r \u2013 mog\u0105 wsp\u00f3lnie sp\u0119dza\u0107 czas z dzieckiem lub skorzysta\u0107 z opcji przekazania opieki wychowawcom obozowym. To elastyczne podej\u015bcie pozwala dostosowa\u0107 plan dnia do indywidualnych potrzeb i preferencji rodzic\u00f3w oraz dzieci. <\/p>\n<\/div>\n\n\n\n<div class=\"wp-block-column has-background is-layout-flow wp-block-column-is-layout-flow\" style=\"background-color:#eaeaf4\">\n<h2 class=\"wp-block-heading has-text-align-center has-accent-color has-text-color has-link-color wp-elements-0a96df3e88c35fb76f9f13bfd78889c5\"><strong>\u015awiadczenia dla rodzic\u00f3w <\/strong><\/h2>\n\n\n\n<p class=\"has-text-align-left has-accent-color has-text-color has-link-color wp-elements-48285e63b5fdb55588164714fef43a67\">Obejmuj\u0105 zakwaterowanie oraz wy\u017cywienie zgodnie z harmonogramem i standardami obowi\u0105zuj\u0105cymi na terenie obozu narciarskiego. Program ten zapewnia nie tylko doskona\u0142\u0105 zabaw\u0119 na stoku, ale tak\u017ce mo\u017cliwo\u015b\u0107 nawi\u0105zania nowych znajomo\u015bci i wsp\u00f3lnego sp\u0119dzenia czasu z dzie\u0107mi. &#8222;Ob\u00f3z Narciarski z Rodzicami&#8221; to wyj\u0105tkowa okazja do stworzenia wspomnie\u0144, kt\u00f3re pozostan\u0105 w pami\u0119ci rodziny na zawsze.<\/p>\n<\/div>\n<\/div>\n\n\n\n<div class=\"wp-block-media-text alignwide is-stacked-on-mobile\"><figure class=\"wp-block-media-text__media\"><img data-opt-id=809676835  fetchpriority=\"high\" decoding=\"async\" width=\"548\" height=\"382\" src=\"https:\/\/mlzy1nu3afkw.i.optimole.com\/w:auto\/h:auto\/q:mauto\/f:best\/https:\/\/akademiazeglarstwa.eu\/wp-content\/uploads\/2023\/12\/wsx.png\" alt=\"\" class=\"wp-image-1512 size-full\" srcset=\"https:\/\/mlzy1nu3afkw.i.optimole.com\/w:548\/h:382\/q:mauto\/f:best\/https:\/\/akademiazeglarstwa.eu\/wp-content\/uploads\/2023\/12\/wsx.png 548w, https:\/\/mlzy1nu3afkw.i.optimole.com\/w:300\/h:209\/q:mauto\/f:best\/https:\/\/akademiazeglarstwa.eu\/wp-content\/uploads\/2023\/12\/wsx.png 300w\" sizes=\"(max-width: 548px) 100vw, 548px\" \/><\/figure><div class=\"wp-block-media-text__content\">\n<h3 class=\"wp-block-heading has-accent-color has-text-color has-link-color wp-elements-f858ec26fcdc4a7abcd248486146ef54\"><strong>Przedszkole Narciarskie Gdy\u0144skiej Akademii \u017beglarstwa: Nauka Narciarstwa od 5 Roku \u017bycia<\/strong><\/h3>\n\n\n\n<p class=\"has-accent-color has-text-color has-link-color wp-elements-72c375b723f461d4bb5180d8bb5d71b9\">Przedszkole Narciarskie <strong>Gdy\u0144skiej Akademii \u017beglarstwa<\/strong> umo\u017cliwia najm\u0142odszym rozpocz\u0119cie nauki narciarstwa ju\u017c od 5\u20136 roku \u017cycia, <strong>a tak\u017ce<\/strong> rozwijanie podstawowych umiej\u0119tno\u015bci na stoku.<\/p>\n\n\n\n<p>Szkolenia odbywaj\u0105 si\u0119 w malowniczym o\u015brodku narciarskim w Niedzicy <strong>oraz<\/strong> w pi\u0119knej okolicy Pienin. Dzi\u0119ki temu dzieci ch\u0119tniej sp\u0119dzaj\u0105 czas na \u015bwie\u017cym powietrzu.<\/p>\n\n\n\n<p class=\"has-accent-color has-text-color has-link-color wp-elements-9099c36e6263dddb621c73fe791f92f0\">Nasze przedszkole narciarskie wyr\u00f3\u017cnia si\u0119 podej\u015bciem opartym na zabawie, co pozwala najm\u0142odszym \u0142atwiej zdobywa\u0107 pierwsze umiej\u0119tno\u015bci. <strong>A tak\u017ce<\/strong> buduje ich pewno\u015b\u0107 siebie na stoku.<\/p>\n<\/div><\/div>\n\n\n\n<h2 class=\"wp-block-heading has-accent-color has-text-color has-link-color wp-elements-dd6c8e461dfb2b22deb57edc4f0cb4a4\"><strong>Przedszkole Narciarskie: Nauka z Przygod\u0105 i Rado\u015bci\u0105 na Stoku<\/strong><\/h2>\n\n\n\n<ul class=\"wp-block-list\">\n<li><strong>Zabawa w Nauce:<\/strong> Nasze podej\u015bcie oparte na zabawie umo\u017cliwia \u0142atwe zdobywanie pierwszych umiej\u0119tno\u015bci narciarskich.<\/li>\n\n\n\n<li><strong>Przyjazne Otoczenie:<\/strong> Dzieci sp\u0119dzaj\u0105 czas w przyjaznym towarzystwie, rozwijaj\u0105c umiej\u0119tno\u015bci i czerpi\u0105c rado\u015b\u0107 z zimowych przyg\u00f3d.<\/li>\n<\/ul>\n\n\n\n<p class=\"has-accent-color has-text-color has-link-color wp-elements-81138862b83351ec817b75f63a17b70e\">Do\u0142\u0105cz do naszego Przedszkola Narciarskiego, gdzie nauka staje si\u0119 pe\u0142n\u0105 rado\u015bci przygod\u0105, a wsp\u00f3lne zabawy na stoku tworz\u0105 niezapomniane chwile. Zarezerwuj miejsce dla swojego malucha ju\u017c dzi\u015b!<\/p>\n\n\n\n<div class=\"wp-block-media-text is-stacked-on-mobile\"><figure class=\"wp-block-media-text__media\"><img data-opt-id=2046272258  fetchpriority=\"high\" decoding=\"async\" width=\"318\" height=\"317\" src=\"https:\/\/mlzy1nu3afkw.i.optimole.com\/w:auto\/h:auto\/q:mauto\/f:best\/https:\/\/akademiazeglarstwa.eu\/wp-content\/uploads\/2023\/12\/Zrzut-ekranu-2023-12-13-172343-1.png\" alt=\"\" class=\"wp-image-1524 size-full\" srcset=\"https:\/\/mlzy1nu3afkw.i.optimole.com\/w:318\/h:317\/q:mauto\/f:best\/https:\/\/akademiazeglarstwa.eu\/wp-content\/uploads\/2023\/12\/Zrzut-ekranu-2023-12-13-172343-1.png 318w, https:\/\/mlzy1nu3afkw.i.optimole.com\/w:300\/h:300\/q:mauto\/f:best\/https:\/\/akademiazeglarstwa.eu\/wp-content\/uploads\/2023\/12\/Zrzut-ekranu-2023-12-13-172343-1.png 300w, https:\/\/mlzy1nu3afkw.i.optimole.com\/w:150\/h:150\/q:mauto\/f:best\/https:\/\/akademiazeglarstwa.eu\/wp-content\/uploads\/2023\/12\/Zrzut-ekranu-2023-12-13-172343-1.png 150w\" sizes=\"(max-width: 318px) 100vw, 318px\" \/><\/figure><div class=\"wp-block-media-text__content\">\n<p class=\"has-accent-color has-text-color has-background has-link-color wp-elements-abed3e773b1c054be18c3a9ac34746e6\" style=\"background-color:#a2d6e1\">Cena nie zawiera \u017cadnych ukrytych koszt\u00f3w, a w niej wliczony jest zar\u00f3wno transport, jak i karnety narciarskie (skipasy).<\/p>\n<\/div><\/div>\n","protected":false},"excerpt":{"rendered":"<p>Przedszkole Narciarskie Gdy\u0144skiej Akademii \u017beglarstwa \u2013 Zabawa i Nauka Narciarstwa dla Najm\u0142odszych TERMIN OBOZU 27.01 &#8211; 03.02. 2024 Przedszkole Narciarskie Gdy\u0144skiej Akademii \u017beglarstwa: Zimowa Przygoda dla Najm\u0142odszych Przedszkole Narciarskie Gdy\u0144skiej Akademii \u017beglarstwa to wyj\u0105tkowe miejsce, gdzie dzieci rozpoczynaj\u0105 nauk\u0119 narciarstwa ju\u017c od 5-6 roku \u017cycia. Nasze podej\u015bcie, oparte na zabawie, [&hellip;]<\/p>\n","protected":false},"author":3,"featured_media":0,"parent":214,"menu_order":0,"comment_status":"closed","ping_status":"closed","template":"","meta":{"_kadence_starter_templates_imported_post":false,"two_page_speed":[],"footnotes":""},"class_list":["post-243","page","type-page","status-publish","hentry"],"yoast_head":"<!-- This site is optimized with the Yoast SEO plugin v27.5 - https:\/\/yoast.com\/product\/yoast-seo-wordpress\/ -->\n<title>PRZEDSZKOLE NARCIARSKIE - Gdy\u0144ska Akademia \u017beglarstwa %<\/title>\n<meta name=\"description\" content=\"&quot;\u017bagluj\u0105ce Skrzaty Przedszkole Narciarskie \u2013 Rozwijamy Pasj\u0119 Zimowego Sportu u Najm\u0142odszych,\" \/>\n<meta name=\"robots\" content=\"index, follow, max-snippet:-1, max-image-preview:large, max-video-preview:-1\" \/>\n<link rel=\"canonical\" href=\"https:\/\/akademiazeglarstwa.eu\/index.php\/oboz-narciarski\/przedszkole-narciarskie\/\" \/>\n<meta property=\"og:locale\" content=\"pl_PL\" \/>\n<meta property=\"og:type\" content=\"article\" \/>\n<meta property=\"og:title\" content=\"PRZEDSZKOLE NARCIARSKIE - Gdy\u0144ska Akademia \u017beglarstwa %\" \/>\n<meta property=\"og:description\" content=\"&quot;\u017bagluj\u0105ce Skrzaty Przedszkole Narciarskie \u2013 Rozwijamy Pasj\u0119 Zimowego Sportu u Najm\u0142odszych,\" \/>\n<meta property=\"og:url\" content=\"https:\/\/akademiazeglarstwa.eu\/index.php\/oboz-narciarski\/przedszkole-narciarskie\/\" \/>\n<meta property=\"og:site_name\" content=\"Gdy\u0144ska Akademia \u017beglarstwa\" \/>\n<meta property=\"article:publisher\" content=\"https:\/\/www.facebook.com\/profile.php?id=100063709173388\" \/>\n<meta property=\"article:modified_time\" content=\"2025-10-10T10:09:38+00:00\" \/>\n<meta property=\"og:image\" content=\"https:\/\/mlzy1nu3afkw.i.optimole.com\/w:auto\/h:auto\/q:mauto\/f:best\/https:\/\/akademiazeglarstwa.eu\/wp-content\/uploads\/2023\/11\/Zrzut-ekranu-2023-11-08-125414-1.png\" \/>\n\t<meta property=\"og:image:width\" content=\"1011\" \/>\n\t<meta property=\"og:image:height\" content=\"568\" \/>\n\t<meta property=\"og:image:type\" content=\"image\/png\" \/>\n<meta name=\"twitter:card\" content=\"summary_large_image\" \/>\n<meta name=\"twitter:site\" content=\"@AkademiaJoanna\" \/>\n<meta name=\"twitter:label1\" content=\"Szacowany czas czytania\" \/>\n\t<meta name=\"twitter:data1\" content=\"4 minuty\" \/>\n<script type=\"application\/ld+json\" class=\"yoast-schema-graph\">{\"@context\":\"https:\\\/\\\/schema.org\",\"@graph\":[{\"@type\":\"WebPage\",\"@id\":\"https:\\\/\\\/akademiazeglarstwa.eu\\\/index.php\\\/oboz-narciarski\\\/przedszkole-narciarskie\\\/\",\"url\":\"https:\\\/\\\/akademiazeglarstwa.eu\\\/index.php\\\/oboz-narciarski\\\/przedszkole-narciarskie\\\/\",\"name\":\"PRZEDSZKOLE NARCIARSKIE - Gdy\u0144ska Akademia \u017beglarstwa %\",\"isPartOf\":{\"@id\":\"https:\\\/\\\/akademiazeglarstwa.eu\\\/#website\"},\"primaryImageOfPage\":{\"@id\":\"https:\\\/\\\/akademiazeglarstwa.eu\\\/index.php\\\/oboz-narciarski\\\/przedszkole-narciarskie\\\/#primaryimage\"},\"image\":{\"@id\":\"https:\\\/\\\/akademiazeglarstwa.eu\\\/index.php\\\/oboz-narciarski\\\/przedszkole-narciarskie\\\/#primaryimage\"},\"thumbnailUrl\":\"https:\\/\\/akademiazeglarstwa.eu\\/wp-content\\/uploads\\/2023\\/11\\/Zrzut-ekranu-2023-11-08-125414-1.png\",\"datePublished\":\"2023-11-07T08:25:47+00:00\",\"dateModified\":\"2025-10-10T10:09:38+00:00\",\"description\":\"\\\"\u017bagluj\u0105ce Skrzaty Przedszkole Narciarskie \u2013 Rozwijamy Pasj\u0119 Zimowego Sportu u Najm\u0142odszych,\",\"breadcrumb\":{\"@id\":\"https:\\\/\\\/akademiazeglarstwa.eu\\\/index.php\\\/oboz-narciarski\\\/przedszkole-narciarskie\\\/#breadcrumb\"},\"inLanguage\":\"pl-PL\",\"potentialAction\":[{\"@type\":\"ReadAction\",\"target\":[\"https:\\\/\\\/akademiazeglarstwa.eu\\\/index.php\\\/oboz-narciarski\\\/przedszkole-narciarskie\\\/\"]}]},{\"@type\":\"ImageObject\",\"inLanguage\":\"pl-PL\",\"@id\":\"https:\\\/\\\/akademiazeglarstwa.eu\\\/index.php\\\/oboz-narciarski\\\/przedszkole-narciarskie\\\/#primaryimage\",\"url\":\"https:\\/\\/akademiazeglarstwa.eu\\/wp-content\\/uploads\\/2023\\/11\\/Zrzut-ekranu-2023-11-08-125414-1.png\",\"contentUrl\":\"https:\\/\\/akademiazeglarstwa.eu\\/wp-content\\/uploads\\/2023\\/11\\/Zrzut-ekranu-2023-11-08-125414-1.png\",\"width\":1011,\"height\":568},{\"@type\":\"BreadcrumbList\",\"@id\":\"https:\\\/\\\/akademiazeglarstwa.eu\\\/index.php\\\/oboz-narciarski\\\/przedszkole-narciarskie\\\/#breadcrumb\",\"itemListElement\":[{\"@type\":\"ListItem\",\"position\":1,\"name\":\"Strona g\u0142\u00f3wna\",\"item\":\"https:\\\/\\\/akademiazeglarstwa.eu\\\/\"},{\"@type\":\"ListItem\",\"position\":2,\"name\":\"OB\u00d3Z NARCIARSKI\",\"item\":\"https:\\\/\\\/akademiazeglarstwa.eu\\\/?page_id=214\"},{\"@type\":\"ListItem\",\"position\":3,\"name\":\"PRZEDSZKOLE NARCIARSKIE\"}]},{\"@type\":\"WebSite\",\"@id\":\"https:\\\/\\\/akademiazeglarstwa.eu\\\/#website\",\"url\":\"https:\\\/\\\/akademiazeglarstwa.eu\\\/\",\"name\":\"Gdy\u0144ska Akademia \u017beglarstwa Tw\u00f3j Start w Przygod\u0119 \u017beglarsk\u0105\",\"description\":\"Gdy\u0144ska Akademia \u017beglarstwa \u2013 obozy i p\u00f3\u0142kolonie \u017ceglarskie dla dzieci i m\u0142odzie\u017cy\",\"publisher\":{\"@id\":\"https:\\\/\\\/akademiazeglarstwa.eu\\\/#organization\"},\"potentialAction\":[{\"@type\":\"SearchAction\",\"target\":{\"@type\":\"EntryPoint\",\"urlTemplate\":\"https:\\\/\\\/akademiazeglarstwa.eu\\\/?s={search_term_string}\"},\"query-input\":{\"@type\":\"PropertyValueSpecification\",\"valueRequired\":true,\"valueName\":\"search_term_string\"}}],\"inLanguage\":\"pl-PL\"},{\"@type\":\"Organization\",\"@id\":\"https:\\\/\\\/akademiazeglarstwa.eu\\\/#organization\",\"name\":\"Gdy\u0144ska Akademia \u017beglarstwa\",\"url\":\"https:\\\/\\\/akademiazeglarstwa.eu\\\/\",\"logo\":{\"@type\":\"ImageObject\",\"inLanguage\":\"pl-PL\",\"@id\":\"https:\\\/\\\/akademiazeglarstwa.eu\\\/#\\\/schema\\\/logo\\\/image\\\/\",\"url\":\"https:\\/\\/akademiazeglarstwa.eu\\/wp-content\\/uploads\\/2023\\/07\\/cropped-output-onlinegiftools-removebg-preview.png\",\"contentUrl\":\"https:\\/\\/akademiazeglarstwa.eu\\/wp-content\\/uploads\\/2023\\/07\\/cropped-output-onlinegiftools-removebg-preview.png\",\"width\":383,\"height\":74,\"caption\":\"Gdy\u0144ska Akademia \u017beglarstwa\"},\"image\":{\"@id\":\"https:\\\/\\\/akademiazeglarstwa.eu\\\/#\\\/schema\\\/logo\\\/image\\\/\"},\"sameAs\":[\"https:\\\/\\\/www.facebook.com\\\/profile.php?id=100063709173388\",\"https:\\\/\\\/x.com\\\/AkademiaJoanna\",\"https:\\\/\\\/www.instagram.com\\\/gdynska_akademia_zeglarska\\\/\",\"https:\\\/\\\/www.youtube.com\\\/channel\\\/UCyCtfDsl6NNfIRl2zuEeUvg\"]}]}<\/script>\n<!-- \/ Yoast SEO plugin. -->","yoast_head_json":{"title":"PRZEDSZKOLE NARCIARSKIE - Gdy\u0144ska Akademia \u017beglarstwa %","description":"\"\u017bagluj\u0105ce Skrzaty Przedszkole Narciarskie \u2013 Rozwijamy Pasj\u0119 Zimowego Sportu u Najm\u0142odszych,","robots":{"index":"index","follow":"follow","max-snippet":"max-snippet:-1","max-image-preview":"max-image-preview:large","max-video-preview":"max-video-preview:-1"},"canonical":"https:\/\/akademiazeglarstwa.eu\/index.php\/oboz-narciarski\/przedszkole-narciarskie\/","og_locale":"pl_PL","og_type":"article","og_title":"PRZEDSZKOLE NARCIARSKIE - Gdy\u0144ska Akademia \u017beglarstwa %","og_description":"\"\u017bagluj\u0105ce Skrzaty Przedszkole Narciarskie \u2013 Rozwijamy Pasj\u0119 Zimowego Sportu u Najm\u0142odszych,","og_url":"https:\/\/akademiazeglarstwa.eu\/index.php\/oboz-narciarski\/przedszkole-narciarskie\/","og_site_name":"Gdy\u0144ska Akademia \u017beglarstwa","article_publisher":"https:\/\/www.facebook.com\/profile.php?id=100063709173388","article_modified_time":"2025-10-10T10:09:38+00:00","og_image":[{"width":1011,"height":568,"url":"https:\/\/mlzy1nu3afkw.i.optimole.com\/w:auto\/h:auto\/q:mauto\/f:best\/https:\/\/akademiazeglarstwa.eu\/wp-content\/uploads\/2023\/11\/Zrzut-ekranu-2023-11-08-125414-1.png","type":"image\/png"}],"twitter_card":"summary_large_image","twitter_site":"@AkademiaJoanna","twitter_misc":{"Szacowany czas czytania":"4 minuty"},"schema":{"@context":"https:\/\/schema.org","@graph":[{"@type":"WebPage","@id":"https:\/\/akademiazeglarstwa.eu\/index.php\/oboz-narciarski\/przedszkole-narciarskie\/","url":"https:\/\/akademiazeglarstwa.eu\/index.php\/oboz-narciarski\/przedszkole-narciarskie\/","name":"PRZEDSZKOLE NARCIARSKIE - Gdy\u0144ska Akademia \u017beglarstwa %","isPartOf":{"@id":"https:\/\/akademiazeglarstwa.eu\/#website"},"primaryImageOfPage":{"@id":"https:\/\/akademiazeglarstwa.eu\/index.php\/oboz-narciarski\/przedszkole-narciarskie\/#primaryimage"},"image":{"@id":"https:\/\/akademiazeglarstwa.eu\/index.php\/oboz-narciarski\/przedszkole-narciarskie\/#primaryimage"},"thumbnailUrl":"https:\/\/mlzy1nu3afkw.i.optimole.com\/w:auto\/h:auto\/q:mauto\/f:best\/https:\/\/akademiazeglarstwa.eu\/wp-content\/uploads\/2023\/11\/Zrzut-ekranu-2023-11-08-125414-1.png","datePublished":"2023-11-07T08:25:47+00:00","dateModified":"2025-10-10T10:09:38+00:00","description":"\"\u017bagluj\u0105ce Skrzaty Przedszkole Narciarskie \u2013 Rozwijamy Pasj\u0119 Zimowego Sportu u Najm\u0142odszych,","breadcrumb":{"@id":"https:\/\/akademiazeglarstwa.eu\/index.php\/oboz-narciarski\/przedszkole-narciarskie\/#breadcrumb"},"inLanguage":"pl-PL","potentialAction":[{"@type":"ReadAction","target":["https:\/\/akademiazeglarstwa.eu\/index.php\/oboz-narciarski\/przedszkole-narciarskie\/"]}]},{"@type":"ImageObject","inLanguage":"pl-PL","@id":"https:\/\/akademiazeglarstwa.eu\/index.php\/oboz-narciarski\/przedszkole-narciarskie\/#primaryimage","url":"https:\/\/mlzy1nu3afkw.i.optimole.com\/w:auto\/h:auto\/q:mauto\/f:best\/https:\/\/akademiazeglarstwa.eu\/wp-content\/uploads\/2023\/11\/Zrzut-ekranu-2023-11-08-125414-1.png","contentUrl":"https:\/\/mlzy1nu3afkw.i.optimole.com\/w:auto\/h:auto\/q:mauto\/f:best\/https:\/\/akademiazeglarstwa.eu\/wp-content\/uploads\/2023\/11\/Zrzut-ekranu-2023-11-08-125414-1.png","width":1011,"height":568},{"@type":"BreadcrumbList","@id":"https:\/\/akademiazeglarstwa.eu\/index.php\/oboz-narciarski\/przedszkole-narciarskie\/#breadcrumb","itemListElement":[{"@type":"ListItem","position":1,"name":"Strona g\u0142\u00f3wna","item":"https:\/\/akademiazeglarstwa.eu\/"},{"@type":"ListItem","position":2,"name":"OB\u00d3Z NARCIARSKI","item":"https:\/\/akademiazeglarstwa.eu\/?page_id=214"},{"@type":"ListItem","position":3,"name":"PRZEDSZKOLE NARCIARSKIE"}]},{"@type":"WebSite","@id":"https:\/\/akademiazeglarstwa.eu\/#website","url":"https:\/\/akademiazeglarstwa.eu\/","name":"Gdy\u0144ska Akademia \u017beglarstwa Tw\u00f3j Start w Przygod\u0119 \u017beglarsk\u0105","description":"Gdy\u0144ska Akademia \u017beglarstwa \u2013 obozy i p\u00f3\u0142kolonie \u017ceglarskie dla dzieci i m\u0142odzie\u017cy","publisher":{"@id":"https:\/\/akademiazeglarstwa.eu\/#organization"},"potentialAction":[{"@type":"SearchAction","target":{"@type":"EntryPoint","urlTemplate":"https:\/\/akademiazeglarstwa.eu\/?s={search_term_string}"},"query-input":{"@type":"PropertyValueSpecification","valueRequired":true,"valueName":"search_term_string"}}],"inLanguage":"pl-PL"},{"@type":"Organization","@id":"https:\/\/akademiazeglarstwa.eu\/#organization","name":"Gdy\u0144ska Akademia \u017beglarstwa","url":"https:\/\/akademiazeglarstwa.eu\/","logo":{"@type":"ImageObject","inLanguage":"pl-PL","@id":"https:\/\/akademiazeglarstwa.eu\/#\/schema\/logo\/image\/","url":"https:\/\/mlzy1nu3afkw.i.optimole.com\/w:auto\/h:auto\/q:mauto\/f:best\/https:\/\/akademiazeglarstwa.eu\/wp-content\/uploads\/2023\/07\/cropped-output-onlinegiftools-removebg-preview.png","contentUrl":"https:\/\/mlzy1nu3afkw.i.optimole.com\/w:auto\/h:auto\/q:mauto\/f:best\/https:\/\/akademiazeglarstwa.eu\/wp-content\/uploads\/2023\/07\/cropped-output-onlinegiftools-removebg-preview.png","width":383,"height":74,"caption":"Gdy\u0144ska Akademia \u017beglarstwa"},"image":{"@id":"https:\/\/akademiazeglarstwa.eu\/#\/schema\/logo\/image\/"},"sameAs":["https:\/\/www.facebook.com\/profile.php?id=100063709173388","https:\/\/x.com\/AkademiaJoanna","https:\/\/www.instagram.com\/gdynska_akademia_zeglarska\/","https:\/\/www.youtube.com\/channel\/UCyCtfDsl6NNfIRl2zuEeUvg"]}]}},"_links":{"self":[{"href":"https:\/\/akademiazeglarstwa.eu\/index.php\/wp-json\/wp\/v2\/pages\/243","targetHints":{"allow":["GET"]}}],"collection":[{"href":"https:\/\/akademiazeglarstwa.eu\/index.php\/wp-json\/wp\/v2\/pages"}],"about":[{"href":"https:\/\/akademiazeglarstwa.eu\/index.php\/wp-json\/wp\/v2\/types\/page"}],"author":[{"embeddable":true,"href":"https:\/\/akademiazeglarstwa.eu\/index.php\/wp-json\/wp\/v2\/users\/3"}],"replies":[{"embeddable":true,"href":"https:\/\/akademiazeglarstwa.eu\/index.php\/wp-json\/wp\/v2\/comments?post=243"}],"version-history":[{"count":35,"href":"https:\/\/akademiazeglarstwa.eu\/index.php\/wp-json\/wp\/v2\/pages\/243\/revisions"}],"predecessor-version":[{"id":4836,"href":"https:\/\/akademiazeglarstwa.eu\/index.php\/wp-json\/wp\/v2\/pages\/243\/revisions\/4836"}],"up":[{"embeddable":true,"href":"https:\/\/akademiazeglarstwa.eu\/index.php\/wp-json\/wp\/v2\/pages\/214"}],"wp:attachment":[{"href":"https:\/\/akademiazeglarstwa.eu\/index.php\/wp-json\/wp\/v2\/media?parent=243"}],"curies":[{"name":"wp","href":"https:\/\/api.w.org\/{rel}","templated":true}]}}